{"id":6523,"date":"2021-03-22T04:00:22","date_gmt":"2021-03-22T04:00:22","guid":{"rendered":"https:\/\/kilmurvey-house.com\/contact-us\/"},"modified":"2023-07-28T14:02:51","modified_gmt":"2023-07-28T14:02:51","slug":"teaghmail","status":"publish","type":"page","link":"https:\/\/kilmurvey-house.com\/ga\/teaghmail\/","title":{"rendered":"Teaghm\u00e1il"},"content":{"rendered":"\t\t<div data-elementor-type=\"wp-page\" data-elementor-id=\"6523\" class=\"elementor elementor-6523 elementor-2101\">\n\t\t\t\t\t\t<section class=\"elementor-section elementor-top-section elementor-element elementor-element-870f456 elementor-section-boxed elementor-section-gap-beside-yes elementor-section-height-default elementor-section-height-default elementor-section-column-vertical-align-stretch\" data-id=\"870f456\" data-element_type=\"section\" data-e-type=\"section\">\n\t\t\t\t\t\t<div class=\"elementor-container elementor-column-gap-extended\">\n\t\t\t\t\t<div class=\"elementor-column elementor-col-100 elementor-top-column elementor-element elementor-element-e6495f0\" data-id=\"e6495f0\" data-element_type=\"column\" data-e-type=\"column\">\n\t\t\t<div class=\"elementor-widget-wrap elementor-element-populated\">\n\t\t\t\t\t\t<div class=\"elementor-element elementor-element-5055c26 elementor-widget__width-initial elementor-invisible elementor-widget elementor-widget-text-editor\" data-id=\"5055c26\" data-element_type=\"widget\" data-e-type=\"widget\" data-settings=\"{&quot;_animation&quot;:&quot;nussFadeInUp&quot;}\" data-widget_type=\"text-editor.default\">\n\t\t\t\t<div class=\"elementor-widget-container\">\n\t\t\t\t\t\t\t\t\t<p>An dteasta\u00edonn cabhair uait le d\u2019\u00e1irithint ar l\u00edne, an bhfuil ceist agat n\u00f3 an bhfuil tuilleadh eolais uait?<\/p>\t\t\t\t\t\t\t\t<\/div>\n\t\t\t\t<\/div>\n\t\t\t\t\t<\/div>\n\t\t<\/div>\n\t\t\t\t\t<\/div>\n\t\t<\/section>\n\t\t\t\t<section class=\"elementor-section elementor-top-section elementor-element elementor-element-d451619 elementor-section-boxed elementor-section-gap-beside-yes elementor-section-height-default elementor-section-height-default elementor-section-column-vertical-align-stretch\" data-id=\"d451619\" data-element_type=\"section\" data-e-type=\"section\">\n\t\t\t\t\t\t<div class=\"elementor-container elementor-column-gap-extended\">\n\t\t\t\t\t<div class=\"elementor-column elementor-col-50 elementor-top-column elementor-element elementor-element-49b1fb6\" data-id=\"49b1fb6\" data-element_type=\"column\" data-e-type=\"column\">\n\t\t\t<div class=\"elementor-widget-wrap elementor-element-populated\">\n\t\t\t\t\t\t<section class=\"elementor-section elementor-inner-section elementor-element elementor-element-a19a4ad elementor-section-boxed elementor-section-height-default elementor-section-height-default elementor-section-column-vertical-align-stretch\" data-id=\"a19a4ad\" data-element_type=\"section\" data-e-type=\"section\">\n\t\t\t\t\t\t<div class=\"elementor-container elementor-column-gap-no\">\n\t\t\t\t\t<div class=\"elementor-column elementor-col-100 elementor-inner-column elementor-element elementor-element-167dd38\" data-id=\"167dd38\" data-element_type=\"column\" data-e-type=\"column\">\n\t\t\t<div class=\"elementor-widget-wrap elementor-element-populated\">\n\t\t\t\t\t\t<div class=\"elementor-element elementor-element-0c78886 elementor-invisible elementor-widget elementor-widget-heading\" data-id=\"0c78886\" data-element_type=\"widget\" data-e-type=\"widget\" data-settings=\"{&quot;_animation&quot;:&quot;nussFadeInUp&quot;}\" data-widget_type=\"heading.default\">\n\t\t\t\t<div class=\"elementor-widget-container\">\n\t\t\t\t\t<h3 class=\"elementor-heading-title elementor-size-default\">Sonra\u00ed Teagmh\u00e1la\n<\/h3>\t\t\t\t<\/div>\n\t\t\t\t<\/div>\n\t\t\t\t<div class=\"elementor-element elementor-element-e749a67 elementor-invisible elementor-widget elementor-widget-text-editor\" data-id=\"e749a67\" data-element_type=\"widget\" data-e-type=\"widget\" data-settings=\"{&quot;_animation&quot;:&quot;nussFadeInUp&quot;}\" data-widget_type=\"text-editor.default\">\n\t\t\t\t<div class=\"elementor-widget-container\">\n\t\t\t\t\t\t\t\t\t<p>Guth\u00e1n: <a href=\"tel:003539961218\">+ 353 (099) 61218<\/a><\/p><p>R-phost: hello@kilmurvey-house.com<\/p>\t\t\t\t\t\t\t\t<\/div>\n\t\t\t\t<\/div>\n\t\t\t\t\t<\/div>\n\t\t<\/div>\n\t\t\t\t\t<\/div>\n\t\t<\/section>\n\t\t\t\t\t<\/div>\n\t\t<\/div>\n\t\t\t\t<div class=\"elementor-column elementor-col-50 elementor-top-column elementor-element elementor-element-f585ae5\" data-id=\"f585ae5\" data-element_type=\"column\" data-e-type=\"column\">\n\t\t\t<div class=\"elementor-widget-wrap elementor-element-populated\">\n\t\t\t\t\t\t<div class=\"elementor-element elementor-element-a2fc0ce elementor-invisible elementor-widget elementor-widget-heading\" data-id=\"a2fc0ce\" data-element_type=\"widget\" data-e-type=\"widget\" data-settings=\"{&quot;_animation&quot;:&quot;nussFadeInUp&quot;}\" data-widget_type=\"heading.default\">\n\t\t\t\t<div class=\"elementor-widget-container\">\n\t\t\t\t\t<h3 class=\"elementor-heading-title elementor-size-default\">Foirm Teagmh\u00e1il<\/h3>\t\t\t\t<\/div>\n\t\t\t\t<\/div>\n\t\t\t\t<div class=\"elementor-element elementor-element-3e146d3 elementor-invisible elementor-widget elementor-widget-text-editor\" data-id=\"3e146d3\" data-element_type=\"widget\" data-e-type=\"widget\" data-settings=\"{&quot;_animation&quot;:&quot;nussFadeInUp&quot;}\" data-widget_type=\"text-editor.default\">\n\t\t\t\t<div class=\"elementor-widget-container\">\n\t\t\t\t\t\t\t\t\tComhl\u00e1naigh an fhoirm th\u00edos le do thoil agus beidh ball foirne i dteagmh\u00e1il leat go luath.\t\t\t\t\t\t\t\t<\/div>\n\t\t\t\t<\/div>\n\t\t\t\t<div class=\"elementor-element elementor-element-246346c nuss-contact-form-style-01 nuss-button-align-stretch elementor-widget elementor-widget-nuss-contact-form-7\" data-id=\"246346c\" data-element_type=\"widget\" data-e-type=\"widget\" data-widget_type=\"nuss-contact-form-7.default\">\n\t\t\t\t<div class=\"elementor-widget-container\">\n\t\t\t\t\t\t\t<div class=\"nuss-contact-form-7\">\r\n\t\t\t\n<div class=\"wpcf7 no-js\" id=\"wpcf7-f6717-o1\" lang=\"en-US\" dir=\"ltr\" data-wpcf7-id=\"6717\">\n<div class=\"screen-reader-response\"><p role=\"status\" aria-live=\"polite\" aria-atomic=\"true\"><\/p> <ul><\/ul><\/div>\n<form action=\"\/ga\/wp-json\/wp\/v2\/pages\/6523#wpcf7-f6717-o1\" method=\"post\" class=\"wpcf7-form init\" aria-label=\"Contact form\" novalidate=\"novalidate\" data-status=\"init\">\n<fieldset class=\"hidden-fields-container\"><input type=\"hidden\" name=\"_wpcf7\" value=\"6717\" \/><input type=\"hidden\" name=\"_wpcf7_version\" value=\"6.1.5\" \/><input type=\"hidden\" name=\"_wpcf7_locale\" value=\"en_US\" \/><input type=\"hidden\" name=\"_wpcf7_unit_tag\" value=\"wpcf7-f6717-o1\" \/><input type=\"hidden\" name=\"_wpcf7_container_post\" value=\"0\" \/><input type=\"hidden\" name=\"_wpcf7_posted_data_hash\" value=\"\" \/><input type=\"hidden\" name=\"_wpcf7_recaptcha_response\" value=\"\" \/>\n<\/fieldset>\n<p><label> Ainm<br \/>\n<span class=\"wpcf7-form-control-wrap\" data-name=\"your-name\"><input size=\"40\" maxlength=\"400\" class=\"wpcf7-form-control wpcf7-text wpcf7-validates-as-required\" autocomplete=\"name\" aria-required=\"true\" aria-invalid=\"false\" value=\"\" type=\"text\" name=\"your-name\" \/><\/span> <\/label>\n<\/p>\n<p><label> Seoladh R\u00edomhphost<br \/>\n<span class=\"wpcf7-form-control-wrap\" data-name=\"your-email\"><input size=\"40\" maxlength=\"400\" class=\"wpcf7-form-control wpcf7-email wpcf7-validates-as-required wpcf7-text wpcf7-validates-as-email\" autocomplete=\"email\" aria-required=\"true\" aria-invalid=\"false\" value=\"\" type=\"email\" name=\"your-email\" \/><\/span> <\/label>\n<\/p>\n<p><label> \u00c1bhar<br \/>\n<span class=\"wpcf7-form-control-wrap\" data-name=\"your-subject\"><input size=\"40\" maxlength=\"400\" class=\"wpcf7-form-control wpcf7-text wpcf7-validates-as-required\" aria-required=\"true\" aria-invalid=\"false\" value=\"\" type=\"text\" name=\"your-subject\" \/><\/span> <\/label>\n<\/p>\n<p><label> Teachtaireacht<br \/>\n<span class=\"wpcf7-form-control-wrap\" data-name=\"your-message\"><textarea cols=\"40\" rows=\"10\" maxlength=\"2000\" class=\"wpcf7-form-control wpcf7-textarea\" aria-invalid=\"false\" name=\"your-message\"><\/textarea><\/span> <\/label>\n<\/p>\n<p><input class=\"wpcf7-form-control wpcf7-submit has-spinner\" type=\"submit\" value=\"Seol\" \/>\n<\/p><div class=\"wpcf7-response-output\" aria-hidden=\"true\"><\/div>\n<\/form>\n<\/div>\n\t\t<\/div>\r\n\t\t\t\t\t\t<\/div>\n\t\t\t\t<\/div>\n\t\t\t\t\t<\/div>\n\t\t<\/div>\n\t\t\t\t\t<\/div>\n\t\t<\/section>\n\t\t\t\t<section class=\"elementor-section elementor-top-section elementor-element elementor-element-e0fd702 elementor-section-boxed elementor-section-gap-beside-yes elementor-section-height-default elementor-section-height-default elementor-section-column-vertical-align-stretch\" data-id=\"e0fd702\" data-element_type=\"section\" data-e-type=\"section\">\n\t\t\t\t\t\t<div class=\"elementor-container elementor-column-gap-extended\">\n\t\t\t\t\t<div class=\"elementor-column elementor-col-50 elementor-top-column elementor-element elementor-element-43deaea\" data-id=\"43deaea\" data-element_type=\"column\" data-e-type=\"column\">\n\t\t\t<div class=\"elementor-widget-wrap elementor-element-populated\">\n\t\t\t\t\t\t<div class=\"elementor-element elementor-element-d4904c9 elementor-widget elementor-widget-text-editor\" data-id=\"d4904c9\" data-element_type=\"widget\" data-e-type=\"widget\" data-widget_type=\"text-editor.default\">\n\t\t\t\t<div class=\"elementor-widget-container\">\n\t\t\t\t\t\t\t\t\t<p><iframe style=\"border: 0;\" data-src=\"https:\/\/www.google.com\/maps\/embed?pb=!1m18!1m12!1m3!1d19150.821977833977!2d-9.778818067454072!3d53.13078887222754!2m3!1f0!2f0!3f0!3m2!1i1024!2i768!4f13.1!3m3!1m2!1s0x485a506899894da5%3A0x981b191ed94b84d8!2sKilmurvey%20House!5e0!3m2!1sen!2sie!4v1687878302481!5m2!1sen!2sie\" width=\"600\" height=\"450\" allowfullscreen=\"allowfullscreen\" src=\"data:image\/svg+xml;base64,PHN2ZyB3aWR0aD0iMSIgaGVpZ2h0PSIxIiB4bWxucz0iaHR0cDovL3d3dy53My5vcmcvMjAwMC9zdmciPjwvc3ZnPg==\" class=\"lazyload\" data-load-mode=\"1\"><\/iframe><\/p>\t\t\t\t\t\t\t\t<\/div>\n\t\t\t\t<\/div>\n\t\t\t\t\t<\/div>\n\t\t<\/div>\n\t\t\t\t<div class=\"elementor-column elementor-col-50 elementor-top-column elementor-element elementor-element-16fac76\" data-id=\"16fac76\" data-element_type=\"column\" data-e-type=\"column\">\n\t\t\t<div class=\"elementor-widget-wrap elementor-element-populated\">\n\t\t\t\t\t\t<div class=\"elementor-element elementor-element-aa0c7e6 elementor-invisible elementor-widget elementor-widget-heading\" data-id=\"aa0c7e6\" data-element_type=\"widget\" data-e-type=\"widget\" data-settings=\"{&quot;_animation&quot;:&quot;nussFadeInUp&quot;}\" data-widget_type=\"heading.default\">\n\t\t\t\t<div class=\"elementor-widget-container\">\n\t\t\t\t\t<h3 class=\"elementor-heading-title elementor-size-default\">Su\u00edomh<\/h3>\t\t\t\t<\/div>\n\t\t\t\t<\/div>\n\t\t\t\t<div class=\"elementor-element elementor-element-17fe3e9 elementor-invisible elementor-widget elementor-widget-text-editor\" data-id=\"17fe3e9\" data-element_type=\"widget\" data-e-type=\"widget\" data-settings=\"{&quot;_animation&quot;:&quot;nussFadeInUp&quot;}\" data-widget_type=\"text-editor.default\">\n\t\t\t\t<div class=\"elementor-widget-container\">\n\t\t\t\t\t\t\t\t\t<p>Kilmurvy, Inis M\u00f3r,<br \/>Aran Islands, Co. Galway, Ireland<br \/>H91 CF5X<\/p>\t\t\t\t\t\t\t\t<\/div>\n\t\t\t\t<\/div>\n\t\t\t\t<div class=\"elementor-element elementor-element-805347d elementor-invisible elementor-widget elementor-widget-button\" data-id=\"805347d\" data-element_type=\"widget\" data-e-type=\"widget\" data-settings=\"{&quot;_animation&quot;:&quot;nussFadeInUp&quot;}\" data-widget_type=\"button.default\">\n\t\t\t\t<div class=\"elementor-widget-container\">\n\t\t\t\t\t\t\t\t\t<div class=\"elementor-button-wrapper\">\n\t\t\t\t\t<a class=\"elementor-button elementor-button-link elementor-size-sm\" href=\"https:\/\/www.google.com\/maps\/dir\/\/Kilmurvey+House+Kilmurvy+Co.+Galway\/@53.1307889,-9.7582187,13z\/data=!4m8!4m7!1m0!1m5!1m1!1s0x485a506899894da5:0x981b191ed94b84d8!2m2!1d-9.758201!2d53.1306446?entry=ttu\" target=\"_blank\">\n\t\t\t\t\t\t<span class=\"elementor-button-content-wrapper\">\n\t\t\t\t\t\t\t\t\t<span class=\"elementor-button-text\">Treoracha<\/span>\n\t\t\t\t\t<\/span>\n\t\t\t\t\t<\/a>\n\t\t\t\t<\/div>\n\t\t\t\t\t\t\t\t<\/div>\n\t\t\t\t<\/div>\n\t\t\t\t\t<\/div>\n\t\t<\/div>\n\t\t\t\t\t<\/div>\n\t\t<\/section>\n\t\t\t\t<section class=\"elementor-section elementor-top-section elementor-element elementor-element-89de821 elementor-section-stretched elementor-hidden-desktop elementor-hidden-tablet elementor-hidden-mobile elementor-section-boxed elementor-section-gap-beside-yes elementor-section-height-default elementor-section-height-default elementor-section-column-vertical-align-stretch\" data-id=\"89de821\" data-element_type=\"section\" data-e-type=\"section\" data-settings=\"{&quot;stretch_section&quot;:&quot;section-stretched&quot;,&quot;background_background&quot;:&quot;classic&quot;}\">\n\t\t\t\t\t\t<div class=\"elementor-container elementor-column-gap-extended\">\n\t\t\t\t\t<div class=\"elementor-column elementor-col-50 elementor-top-column elementor-element elementor-element-506edb8\" data-id=\"506edb8\" data-element_type=\"column\" data-e-type=\"column\">\n\t\t\t<div class=\"elementor-widget-wrap elementor-element-populated\">\n\t\t\t\t\t\t<div class=\"elementor-element elementor-element-d1ce15e elementor-invisible elementor-widget elementor-widget-heading\" data-id=\"d1ce15e\" data-element_type=\"widget\" data-e-type=\"widget\" data-settings=\"{&quot;_animation&quot;:&quot;nussFadeInUp&quot;}\" data-widget_type=\"heading.default\">\n\t\t\t\t<div class=\"elementor-widget-container\">\n\t\t\t\t\t<h3 class=\"elementor-heading-title elementor-size-default\">See Our FAQs<\/h3>\t\t\t\t<\/div>\n\t\t\t\t<\/div>\n\t\t\t\t<div class=\"elementor-element elementor-element-8f16fb8 elementor-widget__width-initial elementor-invisible elementor-widget elementor-widget-text-editor\" data-id=\"8f16fb8\" data-element_type=\"widget\" data-e-type=\"widget\" data-settings=\"{&quot;_animation&quot;:&quot;nussFadeInUp&quot;}\" data-widget_type=\"text-editor.default\">\n\t\t\t\t<div class=\"elementor-widget-container\">\n\t\t\t\t\t\t\t\t\t<p>The common questions we receive from our customers are all covered in our FAQ section. Please take a look to get an answer to your question right away.<\/p>\t\t\t\t\t\t\t\t<\/div>\n\t\t\t\t<\/div>\n\t\t\t\t\t<\/div>\n\t\t<\/div>\n\t\t\t\t<div class=\"elementor-column elementor-col-50 elementor-top-column elementor-element elementor-element-7723235\" data-id=\"7723235\" data-element_type=\"column\" data-e-type=\"column\">\n\t\t\t<div class=\"elementor-widget-wrap elementor-element-populated\">\n\t\t\t\t\t\t<div class=\"elementor-element elementor-element-8f14519 elementor-align-right elementor-mobile-align-left elementor-invisible elementor-widget elementor-widget-button\" data-id=\"8f14519\" data-element_type=\"widget\" data-e-type=\"widget\" data-settings=\"{&quot;_animation&quot;:&quot;nussFadeInUp&quot;}\" data-widget_type=\"button.default\">\n\t\t\t\t<div class=\"elementor-widget-container\">\n\t\t\t\t\t\t\t\t\t<div class=\"elementor-button-wrapper\">\n\t\t\t\t\t<a class=\"elementor-button elementor-button-link elementor-size-sm\" href=\"https:\/\/nuss.uxper.co\/bnb-home\/faqs\/\">\n\t\t\t\t\t\t<span class=\"elementor-button-content-wrapper\">\n\t\t\t\t\t\t\t\t\t<span class=\"elementor-button-text\">Go to faq's<\/span>\n\t\t\t\t\t<\/span>\n\t\t\t\t\t<\/a>\n\t\t\t\t<\/div>\n\t\t\t\t\t\t\t\t<\/div>\n\t\t\t\t<\/div>\n\t\t\t\t\t<\/div>\n\t\t<\/div>\n\t\t\t\t\t<\/div>\n\t\t<\/section>\n\t\t\t\t<\/div>\n\t\t","protected":false},"excerpt":{"rendered":"<p>An dteasta\u00edonn cabhair uait le d\u2019\u00e1irithint ar l\u00edne, an bhfuil ceist agat n\u00f3 an bhfuil tuilleadh eolais uait? Sonra\u00ed Teagmh\u00e1la Guth\u00e1n: + 353 (099) 61218 R-phost: hello@kilmurvey-house.com Foirm Teagmh\u00e1il Comhl\u00e1naigh an fhoirm th\u00edos le do thoil agus beidh ball foirne i dteagmh\u00e1il leat go luath. Your name Your email Subject Your message (optional) Su\u00edomh Kilmurvy, [&hellip;]<\/p>\n","protected":false},"author":1,"featured_media":0,"parent":0,"menu_order":0,"comment_status":"closed","ping_status":"closed","template":"","meta":{"footnotes":""},"class_list":["post-6523","page","type-page","status-publish","hentry","post-no-thumbnail"],"yoast_head":"<!-- This site is optimized with the Yoast SEO plugin v27.4 - https:\/\/yoast.com\/product\/yoast-seo-wordpress\/ -->\n<title>Teaghm\u00e1il - Kilmurvey House<\/title>\n<meta name=\"robots\" content=\"index, follow, max-snippet:-1, max-image-preview:large, max-video-preview:-1\" \/>\n<link rel=\"canonical\" href=\"https:\/\/kilmurvey-house.com\/ga\/teaghmail\/\" \/>\n<meta property=\"og:locale\" content=\"ga_IE\" \/>\n<meta property=\"og:type\" content=\"article\" \/>\n<meta property=\"og:title\" content=\"Teaghm\u00e1il - Kilmurvey House\" \/>\n<meta property=\"og:description\" content=\"An dteasta\u00edonn cabhair uait le d\u2019\u00e1irithint ar l\u00edne, an bhfuil ceist agat n\u00f3 an bhfuil tuilleadh eolais uait? Sonra\u00ed Teagmh\u00e1la Guth\u00e1n: + 353 (099) 61218 R-phost: hello@kilmurvey-house.com Foirm Teagmh\u00e1il Comhl\u00e1naigh an fhoirm th\u00edos le do thoil agus beidh ball foirne i dteagmh\u00e1il leat go luath. Your name Your email Subject Your message (optional) Su\u00edomh Kilmurvy, [&hellip;]\" \/>\n<meta property=\"og:url\" content=\"https:\/\/kilmurvey-house.com\/ga\/teaghmail\/\" \/>\n<meta property=\"og:site_name\" content=\"Kilmurvey House\" \/>\n<meta property=\"article:publisher\" content=\"https:\/\/www.facebook.com\/kilmurveyhouseguesthouse\/\" \/>\n<meta property=\"article:modified_time\" content=\"2023-07-28T14:02:51+00:00\" \/>\n<meta name=\"twitter:card\" content=\"summary_large_image\" \/>\n<meta name=\"twitter:label1\" content=\"Est. reading time\" \/>\n\t<meta name=\"twitter:data1\" content=\"1 minute\" \/>\n<script type=\"application\/ld+json\" class=\"yoast-schema-graph\">{\"@context\":\"https:\\\/\\\/schema.org\",\"@graph\":[{\"@type\":\"WebPage\",\"@id\":\"https:\\\/\\\/kilmurvey-house.com\\\/ga\\\/teaghmail\\\/\",\"url\":\"https:\\\/\\\/kilmurvey-house.com\\\/ga\\\/teaghmail\\\/\",\"name\":\"Teaghm\u00e1il - Kilmurvey House\",\"isPartOf\":{\"@id\":\"https:\\\/\\\/kilmurvey-house.com\\\/ga\\\/#website\"},\"datePublished\":\"2021-03-22T04:00:22+00:00\",\"dateModified\":\"2023-07-28T14:02:51+00:00\",\"breadcrumb\":{\"@id\":\"https:\\\/\\\/kilmurvey-house.com\\\/ga\\\/teaghmail\\\/#breadcrumb\"},\"inLanguage\":\"ga-IE\",\"potentialAction\":[{\"@type\":\"ReadAction\",\"target\":[\"https:\\\/\\\/kilmurvey-house.com\\\/ga\\\/teaghmail\\\/\"]}]},{\"@type\":\"BreadcrumbList\",\"@id\":\"https:\\\/\\\/kilmurvey-house.com\\\/ga\\\/teaghmail\\\/#breadcrumb\",\"itemListElement\":[{\"@type\":\"ListItem\",\"position\":1,\"name\":\"Home\",\"item\":\"https:\\\/\\\/kilmurvey-house.com\\\/ga\\\/\"},{\"@type\":\"ListItem\",\"position\":2,\"name\":\"Teaghm\u00e1il\"}]},{\"@type\":\"WebSite\",\"@id\":\"https:\\\/\\\/kilmurvey-house.com\\\/ga\\\/#website\",\"url\":\"https:\\\/\\\/kilmurvey-house.com\\\/ga\\\/\",\"name\":\"Kilmurvey House\",\"description\":\"B &amp; B in Inis M\u00f3r, Aran Islands, Co. Galway\",\"publisher\":{\"@id\":\"https:\\\/\\\/kilmurvey-house.com\\\/ga\\\/#organization\"},\"potentialAction\":[{\"@type\":\"SearchAction\",\"target\":{\"@type\":\"EntryPoint\",\"urlTemplate\":\"https:\\\/\\\/kilmurvey-house.com\\\/ga\\\/?s={search_term_string}\"},\"query-input\":{\"@type\":\"PropertyValueSpecification\",\"valueRequired\":true,\"valueName\":\"search_term_string\"}}],\"inLanguage\":\"ga-IE\"},{\"@type\":\"Organization\",\"@id\":\"https:\\\/\\\/kilmurvey-house.com\\\/ga\\\/#organization\",\"name\":\"Kilmurvey House\",\"url\":\"https:\\\/\\\/kilmurvey-house.com\\\/ga\\\/\",\"logo\":{\"@type\":\"ImageObject\",\"inLanguage\":\"ga-IE\",\"@id\":\"https:\\\/\\\/kilmurvey-house.com\\\/ga\\\/#\\\/schema\\\/logo\\\/image\\\/\",\"url\":\"https:\\\/\\\/kilmurvey-house.com\\\/wp-content\\\/uploads\\\/2023\\\/06\\\/kilmurvey-house-logo.png\",\"contentUrl\":\"https:\\\/\\\/kilmurvey-house.com\\\/wp-content\\\/uploads\\\/2023\\\/06\\\/kilmurvey-house-logo.png\",\"width\":513,\"height\":152,\"caption\":\"Kilmurvey House\"},\"image\":{\"@id\":\"https:\\\/\\\/kilmurvey-house.com\\\/ga\\\/#\\\/schema\\\/logo\\\/image\\\/\"},\"sameAs\":[\"https:\\\/\\\/www.facebook.com\\\/kilmurveyhouseguesthouse\\\/\",\"https:\\\/\\\/www.tripadvisor.com\\\/Hotel_Review-g551521-d218064-Reviews-Kilmurvey_House-Inishmore_Aran_Islands_County_Galway_Western_Ireland.html\"]}]}<\/script>\n<!-- \/ Yoast SEO plugin. -->","yoast_head_json":{"title":"Teaghm\u00e1il - Kilmurvey House","robots":{"index":"index","follow":"follow","max-snippet":"max-snippet:-1","max-image-preview":"max-image-preview:large","max-video-preview":"max-video-preview:-1"},"canonical":"https:\/\/kilmurvey-house.com\/ga\/teaghmail\/","og_locale":"ga_IE","og_type":"article","og_title":"Teaghm\u00e1il - Kilmurvey House","og_description":"An dteasta\u00edonn cabhair uait le d\u2019\u00e1irithint ar l\u00edne, an bhfuil ceist agat n\u00f3 an bhfuil tuilleadh eolais uait? Sonra\u00ed Teagmh\u00e1la Guth\u00e1n: + 353 (099) 61218 R-phost: hello@kilmurvey-house.com Foirm Teagmh\u00e1il Comhl\u00e1naigh an fhoirm th\u00edos le do thoil agus beidh ball foirne i dteagmh\u00e1il leat go luath. Your name Your email Subject Your message (optional) Su\u00edomh Kilmurvy, [&hellip;]","og_url":"https:\/\/kilmurvey-house.com\/ga\/teaghmail\/","og_site_name":"Kilmurvey House","article_publisher":"https:\/\/www.facebook.com\/kilmurveyhouseguesthouse\/","article_modified_time":"2023-07-28T14:02:51+00:00","twitter_card":"summary_large_image","twitter_misc":{"Est. reading time":"1 minute"},"schema":{"@context":"https:\/\/schema.org","@graph":[{"@type":"WebPage","@id":"https:\/\/kilmurvey-house.com\/ga\/teaghmail\/","url":"https:\/\/kilmurvey-house.com\/ga\/teaghmail\/","name":"Teaghm\u00e1il - Kilmurvey House","isPartOf":{"@id":"https:\/\/kilmurvey-house.com\/ga\/#website"},"datePublished":"2021-03-22T04:00:22+00:00","dateModified":"2023-07-28T14:02:51+00:00","breadcrumb":{"@id":"https:\/\/kilmurvey-house.com\/ga\/teaghmail\/#breadcrumb"},"inLanguage":"ga-IE","potentialAction":[{"@type":"ReadAction","target":["https:\/\/kilmurvey-house.com\/ga\/teaghmail\/"]}]},{"@type":"BreadcrumbList","@id":"https:\/\/kilmurvey-house.com\/ga\/teaghmail\/#breadcrumb","itemListElement":[{"@type":"ListItem","position":1,"name":"Home","item":"https:\/\/kilmurvey-house.com\/ga\/"},{"@type":"ListItem","position":2,"name":"Teaghm\u00e1il"}]},{"@type":"WebSite","@id":"https:\/\/kilmurvey-house.com\/ga\/#website","url":"https:\/\/kilmurvey-house.com\/ga\/","name":"Kilmurvey House","description":"B &amp; B in Inis M\u00f3r, Aran Islands, Co. Galway","publisher":{"@id":"https:\/\/kilmurvey-house.com\/ga\/#organization"},"potentialAction":[{"@type":"SearchAction","target":{"@type":"EntryPoint","urlTemplate":"https:\/\/kilmurvey-house.com\/ga\/?s={search_term_string}"},"query-input":{"@type":"PropertyValueSpecification","valueRequired":true,"valueName":"search_term_string"}}],"inLanguage":"ga-IE"},{"@type":"Organization","@id":"https:\/\/kilmurvey-house.com\/ga\/#organization","name":"Kilmurvey House","url":"https:\/\/kilmurvey-house.com\/ga\/","logo":{"@type":"ImageObject","inLanguage":"ga-IE","@id":"https:\/\/kilmurvey-house.com\/ga\/#\/schema\/logo\/image\/","url":"https:\/\/kilmurvey-house.com\/wp-content\/uploads\/2023\/06\/kilmurvey-house-logo.png","contentUrl":"https:\/\/kilmurvey-house.com\/wp-content\/uploads\/2023\/06\/kilmurvey-house-logo.png","width":513,"height":152,"caption":"Kilmurvey House"},"image":{"@id":"https:\/\/kilmurvey-house.com\/ga\/#\/schema\/logo\/image\/"},"sameAs":["https:\/\/www.facebook.com\/kilmurveyhouseguesthouse\/","https:\/\/www.tripadvisor.com\/Hotel_Review-g551521-d218064-Reviews-Kilmurvey_House-Inishmore_Aran_Islands_County_Galway_Western_Ireland.html"]}]}},"_links":{"self":[{"href":"https:\/\/kilmurvey-house.com\/ga\/wp-json\/wp\/v2\/pages\/6523","targetHints":{"allow":["GET"]}}],"collection":[{"href":"https:\/\/kilmurvey-house.com\/ga\/wp-json\/wp\/v2\/pages"}],"about":[{"href":"https:\/\/kilmurvey-house.com\/ga\/wp-json\/wp\/v2\/types\/page"}],"author":[{"embeddable":true,"href":"https:\/\/kilmurvey-house.com\/ga\/wp-json\/wp\/v2\/users\/1"}],"replies":[{"embeddable":true,"href":"https:\/\/kilmurvey-house.com\/ga\/wp-json\/wp\/v2\/comments?post=6523"}],"version-history":[{"count":10,"href":"https:\/\/kilmurvey-house.com\/ga\/wp-json\/wp\/v2\/pages\/6523\/revisions"}],"predecessor-version":[{"id":6534,"href":"https:\/\/kilmurvey-house.com\/ga\/wp-json\/wp\/v2\/pages\/6523\/revisions\/6534"}],"wp:attachment":[{"href":"https:\/\/kilmurvey-house.com\/ga\/wp-json\/wp\/v2\/media?parent=6523"}],"curies":[{"name":"wp","href":"https:\/\/api.w.org\/{rel}","templated":true}]}}